{"id":62,"date":"2026-02-28T11:31:57","date_gmt":"2026-02-28T11:31:57","guid":{"rendered":"https:\/\/omprosteel.com\/?page_id=62"},"modified":"2026-02-28T19:48:45","modified_gmt":"2026-02-28T19:48:45","slug":"contact","status":"publish","type":"page","link":"https:\/\/omprosteel.com\/?page_id=62","title":{"rendered":"Contact"},"content":{"rendered":"\n    \n    <section class=\"u-align-center u-clearfix u-container-align-center u-section-2\" id=\"block-2\">\n      <div class=\"u-clearfix u-sheet u-valign-middle-xs u-sheet-1\">\n        <blockquote class=\"u-align-left u-text u-text-1\"><b>Contacts<u><\/u><u><\/u><\/b>\n          <br><span style=\"font-weight: 700;\">CEO Milan Aleksi\u0107<\/span><u><\/u><u><\/u>\n          <br>\n          <a href=\"mailto:milan@om-prosteel.com\" target=\"_blank\" class=\"u-active-none u-border-none u-btn u-button-style u-hover-none u-none u-text-palette-1-base u-btn-1\">milan@om-prosteel.com<\/a><u><\/u><u><\/u>\n          <br>+387 65 729 316<u><\/u><u><\/u>\n          <br>\n          <br><span style=\"font-weight: 700;\">Director Milana Peuli\u0107<\/span><u><\/u><u><\/u>\n          <br>\n          <a href=\"mailto:milana@om-prosteel.com\" target=\"_blank\" class=\"u-active-none u-border-none u-btn u-button-style u-hover-none u-none u-text-palette-1-base u-btn-2\">milana@om-prosteel.com<\/a><u><\/u><u><\/u>\n          <br>+387 66 842 540<u><\/u><u><\/u>\n          <br>\n          <br><span style=\"font-weight: 700;\">Quality control&nbsp;<br>Ognjen Peuli\u0107<\/span><u><\/u><u><\/u>\n          <br>\n          <a href=\"mailto:ognjen@om-prosteel.com\" target=\"_blank\" class=\"u-active-none u-border-none u-btn u-button-style u-hover-none u-none u-text-palette-1-base u-btn-3\">ognjen@om-prosteel.com<\/a><u><\/u><u><\/u>\n          <br>+387 66 621 812<u><\/u><u><\/u>\n          <br>\n          <br><span style=\"font-weight: 700;\">Head engineer of technical office&nbsp;<br>Milan Vrhovac<\/span><u><\/u><u><\/u>\n          <br>\n          <a href=\"mailto:proengineer@om-prosteel.com\" target=\"_blank\" class=\"u-active-none u-border-none u-btn u-button-style u-hover-none u-none u-text-palette-1-base u-btn-4\">proengineer@om-prosteel.com<\/a><u><\/u><u><\/u>\n          <br>+387 65 893 341<u><\/u><u><\/u><u><\/u>&nbsp;<u><\/u>\n          <br>\n          <br>\n        <\/blockquote>\n        <div class=\"u-grey-light-2 u-map u-map-1\">\n          <div class=\"embed-responsive\">\n            <iframe class=\"embed-responsive-item\" src=\"https:\/\/maps.google.com\/maps?output=embed&amp;q=44.87804%2C%2017.63197&amp;z=15&amp;t=m\" data-map=\"JTdCJTIycG9zaXRpb25UeXBlJTIyJTNBJTIybWFwLWFkZHJlc3MlMjIlMkMlMjJhZGRyZXNzJTIyJTNBJTIyNDQuODc4MDQlMkMlMjAxNy42MzE5NyUyMiUyQyUyMnpvb20lMjIlM0ExNSUyQyUyMnR5cGVJZCUyMiUzQSUyMnJvYWQlMjIlMkMlMjJsYW5nJTIyJTNBbnVsbCUyQyUyMmFwaUtleSUyMiUzQW51bGwlMkMlMjJtYXJrZXJzJTIyJTNBJTVCJTVEJTdE\"><\/iframe>\n          <\/div>\n        <\/div>\n        <blockquote class=\"u-align-left u-text u-text-2\"> Prnjavor 78430, Ratkovac 17 - Industrial zone HGP and soon on new location on Industrial zone Vijaka, 100 m from Highway exit Prnjavor, Bosnia and Herzegovina.<\/blockquote>\n        <blockquote class=\"u-align-left u-text u-text-3\"> WE MAKE IT POSSIBLE<\/blockquote>\n      <\/div>\n    <\/section>\n    \n    \n    \n    \n  \n","protected":false},"excerpt":{"rendered":"<p>Contacts CEO Milan Aleksi\u0107 milan@om-prosteel.com +387 65 729 316 Director Milana Peuli\u0107 milana@om-prosteel.com +387 66 842 540 Quality control&nbsp;Ognjen Peuli\u0107 ognjen@om-prosteel.com +387 66 621 812 Head engineer of technical office&nbsp;Milan Vrhovac proengineer@om-prosteel.com +387 65 893 341&nbsp; Prnjavor 78430, Ratkovac 17 &#8211; Industrial zone HGP and soon on new location on Industrial zone Vijaka, 100 m &hellip; <a href=\"https:\/\/omprosteel.com\/?page_id=62\" class=\"more-link\">Continue reading<span class=\"screen-reader-text\"> &#8220;Contact&#8221;<\/span><\/a><\/p>\n","protected":false},"author":1,"featured_media":0,"parent":0,"menu_order":3,"comment_status":"closed","ping_status":"closed","template":"","meta":{"footnotes":""},"class_list":["post-62","page","type-page","status-publish","hentry"],"_links":{"self":[{"href":"https:\/\/omprosteel.com\/index.php?rest_route=\/wp\/v2\/pages\/62","targetHints":{"allow":["GET"]}}],"collection":[{"href":"https:\/\/omprosteel.com\/index.php?rest_route=\/wp\/v2\/pages"}],"about":[{"href":"https:\/\/omprosteel.com\/index.php?rest_route=\/wp\/v2\/types\/page"}],"author":[{"embeddable":true,"href":"https:\/\/omprosteel.com\/index.php?rest_route=\/wp\/v2\/users\/1"}],"replies":[{"embeddable":true,"href":"https:\/\/omprosteel.com\/index.php?rest_route=%2Fwp%2Fv2%2Fcomments&post=62"}],"version-history":[{"count":1,"href":"https:\/\/omprosteel.com\/index.php?rest_route=\/wp\/v2\/pages\/62\/revisions"}],"predecessor-version":[{"id":71,"href":"https:\/\/omprosteel.com\/index.php?rest_route=\/wp\/v2\/pages\/62\/revisions\/71"}],"wp:attachment":[{"href":"https:\/\/omprosteel.com\/index.php?rest_route=%2Fwp%2Fv2%2Fmedia&parent=62"}],"curies":[{"name":"wp","href":"https:\/\/api.w.org\/{rel}","templated":true}]}}